{"id":494,"date":"2022-03-14T10:27:41","date_gmt":"2022-03-14T10:27:41","guid":{"rendered":"http:\/\/timeoutbox.be\/privacybeleid\/"},"modified":"2025-04-08T09:45:41","modified_gmt":"2025-04-08T09:45:41","slug":"politique-de-confidentialite","status":"publish","type":"page","link":"https:\/\/timeoutbox.be\/fr\/politique-de-confidentialite\/","title":{"rendered":"Politique de confidentialit\u00e9"},"content":{"rendered":"\t\t<div data-elementor-type=\"wp-page\" data-elementor-id=\"494\" class=\"elementor elementor-494 elementor-142\" data-elementor-settings=\"{&quot;element_pack_global_tooltip_width&quot;:{&quot;unit&quot;:&quot;px&quot;,&quot;size&quot;:&quot;&quot;,&quot;sizes&quot;:[]},&quot;element_pack_global_tooltip_width_tablet&quot;:{&quot;unit&quot;:&quot;px&quot;,&quot;size&quot;:&quot;&quot;,&quot;sizes&quot;:[]},&quot;element_pack_global_tooltip_width_mobile&quot;:{&quot;unit&quot;:&quot;px&quot;,&quot;size&quot;:&quot;&quot;,&quot;sizes&quot;:[]},&quot;element_pack_global_tooltip_padding&quot;:{&quot;unit&quot;:&quot;px&quot;,&quot;top&quot;:&quot;&quot;,&quot;right&quot;:&quot;&quot;,&quot;bottom&quot;:&quot;&quot;,&quot;left&quot;:&quot;&quot;,&quot;isLinked&quot;:true},&quot;element_pack_global_tooltip_padding_tablet&quot;:{&quot;unit&quot;:&quot;px&quot;,&quot;top&quot;:&quot;&quot;,&quot;right&quot;:&quot;&quot;,&quot;bottom&quot;:&quot;&quot;,&quot;left&quot;:&quot;&quot;,&quot;isLinked&quot;:true},&quot;element_pack_global_tooltip_padding_mobile&quot;:{&quot;unit&quot;:&quot;px&quot;,&quot;top&quot;:&quot;&quot;,&quot;right&quot;:&quot;&quot;,&quot;bottom&quot;:&quot;&quot;,&quot;left&quot;:&quot;&quot;,&quot;isLinked&quot;:true},&quot;element_pack_global_tooltip_border_radius&quot;:{&quot;unit&quot;:&quot;px&quot;,&quot;top&quot;:&quot;&quot;,&quot;right&quot;:&quot;&quot;,&quot;bottom&quot;:&quot;&quot;,&quot;left&quot;:&quot;&quot;,&quot;isLinked&quot;:true},&quot;element_pack_global_tooltip_border_radius_tablet&quot;:{&quot;unit&quot;:&quot;px&quot;,&quot;top&quot;:&quot;&quot;,&quot;right&quot;:&quot;&quot;,&quot;bottom&quot;:&quot;&quot;,&quot;left&quot;:&quot;&quot;,&quot;isLinked&quot;:true},&quot;element_pack_global_tooltip_border_radius_mobile&quot;:{&quot;unit&quot;:&quot;px&quot;,&quot;top&quot;:&quot;&quot;,&quot;right&quot;:&quot;&quot;,&quot;bottom&quot;:&quot;&quot;,&quot;left&quot;:&quot;&quot;,&quot;isLinked&quot;:true}}\" data-elementor-post-type=\"page\">\n\t\t\t\t\t\t<section class=\"elementor-section elementor-top-section elementor-element elementor-element-74732cb elementor-section-boxed elementor-section-height-default elementor-section-height-default\" data-id=\"74732cb\" data-element_type=\"section\" data-e-type=\"section\">\n\t\t\t\t\t\t<div class=\"elementor-container elementor-column-gap-default\">\n\t\t\t\t\t<div class=\"elementor-column elementor-col-100 elementor-top-column elementor-element elementor-element-d1b09c2\" data-id=\"d1b09c2\" data-element_type=\"column\" data-e-type=\"column\">\n\t\t\t<div class=\"elementor-widget-wrap elementor-element-populated\">\n\t\t\t\t\t\t<div class=\"elementor-element elementor-element-66546fa elementor-widget elementor-widget-heading\" data-id=\"66546fa\" data-element_type=\"widget\" data-e-type=\"widget\" data-widget_type=\"heading.default\">\n\t\t\t\t<div class=\"elementor-widget-container\">\n\t\t\t\t\t<h1 class=\"elementor-heading-title elementor-size-default\">Politique de confidentialit\u00e9<\/h1>\t\t\t\t<\/div>\n\t\t\t\t<\/div>\n\t\t\t\t<div class=\"elementor-element elementor-element-98aca6f elementor-widget elementor-widget-heading\" data-id=\"98aca6f\" data-element_type=\"widget\" data-e-type=\"widget\" data-widget_type=\"heading.default\">\n\t\t\t\t<div class=\"elementor-widget-container\">\n\t\t\t\t\t<h3 class=\"elementor-heading-title elementor-size-default\">Comment, quoi et pourquoi ?\n<\/h3>\t\t\t\t<\/div>\n\t\t\t\t<\/div>\n\t\t\t\t<div class=\"elementor-element elementor-element-a39858b elementor-widget elementor-widget-text-editor\" data-id=\"a39858b\" data-element_type=\"widget\" data-e-type=\"widget\" data-widget_type=\"text-editor.default\">\n\t\t\t\t<div class=\"elementor-widget-container\">\n\t\t\t\t\t\t\t\t\t<p>Vos donn\u00e9es personnelles et votre vie priv\u00e9e sont extr\u00eamement importantes pour TimeOutBox. Cette politique n&rsquo;est pas qu\u2019un bouclier juridique visant \u00e0 nous conformer aux r\u00e9glementations comme le R\u00e8glement g\u00e9n\u00e9ral sur la protection des donn\u00e9es (ci-apr\u00e8s : RGPD).[1] Non, ce texte d\u00e9crit notre philosophie en mati\u00e8re de donn\u00e9es. Il vous indique quelles donn\u00e9es personnelles nous traitons et le soin que nous prenons dans leur traitement et leur protection.<\/p><p>Avec cette politique, nous voulons vous informer en d\u00e9tail sur notre gestion des donn\u00e9es. Vous pourrez vous fonder sur ces informations pour choisir d&rsquo;utiliser nos services ou non. Nous partons du principe que lorsque vous utilisez nos services, vous marquez votre accord sur la m\u00e9thode de traitement et sur notre politique.<br \/>Encore une petite chose. Nous nous sommes efforc\u00e9s de r\u00e9diger une politique aussi claire et concise que possible. Car nous sommes convaincus que les textes l\u00e9gaux obligatoires ne doivent pas n\u00e9cessairement \u00eatre ennuyeux.<\/p><p>[1] R\u00e8glement du 27 avril 2016 relatif \u00e0 la protection des personnes physiques \u00e0 l&rsquo;\u00e9gard du traitement des donn\u00e9es \u00e0 caract\u00e8re personnel et \u00e0 la libre circulation de ces donn\u00e9es.<\/p>\t\t\t\t\t\t\t\t<\/div>\n\t\t\t\t<\/div>\n\t\t\t\t<div class=\"elementor-element elementor-element-69662a7 elementor-widget elementor-widget-heading\" data-id=\"69662a7\" data-element_type=\"widget\" data-e-type=\"widget\" data-widget_type=\"heading.default\">\n\t\t\t\t<div class=\"elementor-widget-container\">\n\t\t\t\t\t<h3 class=\"elementor-heading-title elementor-size-default\">Qui traite les donn\u00e9es ?\n<\/h3>\t\t\t\t<\/div>\n\t\t\t\t<\/div>\n\t\t\t\t<div class=\"elementor-element elementor-element-9fe623c elementor-widget elementor-widget-heading\" data-id=\"9fe623c\" data-element_type=\"widget\" data-e-type=\"widget\" data-widget_type=\"heading.default\">\n\t\t\t\t<div class=\"elementor-widget-container\">\n\t\t\t\t\t<h3 class=\"elementor-heading-title elementor-size-default\">1. 'Nous'<\/h3>\t\t\t\t<\/div>\n\t\t\t\t<\/div>\n\t\t\t\t<div class=\"elementor-element elementor-element-7cd04f0 elementor-widget elementor-widget-text-editor\" data-id=\"7cd04f0\" data-element_type=\"widget\" data-e-type=\"widget\" data-widget_type=\"text-editor.default\">\n\t\t\t\t<div class=\"elementor-widget-container\">\n\t\t\t\t\t\t\t\t\t<table><tbody><tr><td width=\"260\"><strong>Nom de l&rsquo;entreprise :<\/strong><\/td><td width=\"172\">@vantage 4 you BV<\/td><\/tr><tr><td width=\"179\"><strong>Num\u00e9ro d\u2019entreprise\u00a0:<\/strong><\/td><td width=\"172\">BE 0406.564.117<\/td><\/tr><tr><td width=\"179\"><strong>Adresse :<\/strong><\/td><td width=\"172\">Kleinbeekweg 20, 2970 Schilde<\/td><\/tr><tr><td width=\"179\"><strong>Adresse e-mail\u00a0:<\/strong><\/td><td width=\"172\"><a href=\"mailto:info@timeoutbox.be\">info@timeoutbox.be<\/a><\/td><\/tr><tr><td width=\"179\"><strong>Num\u00e9ro de t\u00e9l\u00e9phone\u00a0:<\/strong><\/td><td width=\"172\">+32 495 50 01 33<\/td><\/tr><\/tbody><\/table><p>Au regard du RGPD, nous sommes responsables du traitement. En bref, cela signifie que nous d\u00e9cidons quelles donn\u00e9es sont collect\u00e9es, comment et par quels moyens elles sont collect\u00e9es, et pourquoi nous faisons cela.<\/p>\t\t\t\t\t\t\t\t<\/div>\n\t\t\t\t<\/div>\n\t\t\t\t<div class=\"elementor-element elementor-element-ed579c7 elementor-widget elementor-widget-heading\" data-id=\"ed579c7\" data-element_type=\"widget\" data-e-type=\"widget\" data-widget_type=\"heading.default\">\n\t\t\t\t<div class=\"elementor-widget-container\">\n\t\t\t\t\t<h3 class=\"elementor-heading-title elementor-size-default\">2. Qui nous aide ?<\/h3>\t\t\t\t<\/div>\n\t\t\t\t<\/div>\n\t\t\t\t<div class=\"elementor-element elementor-element-087ce11 elementor-widget elementor-widget-text-editor\" data-id=\"087ce11\" data-element_type=\"widget\" data-e-type=\"widget\" data-widget_type=\"text-editor.default\">\n\t\t\t\t<div class=\"elementor-widget-container\">\n\t\t\t\t\t\t\t\t\t<p>Sous-traitant des donn\u00e9es, voil\u00e0 un terme \u00e9loquent du RGPD. Qui nous aide, sous notre responsabilit\u00e9, \u00e0 traiter vos donn\u00e9es personnelles ? Soyez rassur\u00e9(e), notre sous-traitant a accept\u00e9, \u00e0 titre personnel ou g\u00e9n\u00e9ral, le RGPD et donc notre politique. Voici ses coordonn\u00e9es.<\/p>\t\t\t\t\t\t\t\t<\/div>\n\t\t\t\t<\/div>\n\t\t\t\t<div class=\"elementor-element elementor-element-25416e2 elementor-widget elementor-widget-text-editor\" data-id=\"25416e2\" data-element_type=\"widget\" data-e-type=\"widget\" data-widget_type=\"text-editor.default\">\n\t\t\t\t<div class=\"elementor-widget-container\">\n\t\t\t\t\t\t\t\t\t<p><b>Hostinger <\/b>est la force motrice de notre site web.<\/p><table><tbody><tr><td width=\"260\"><strong>Nom de l&rsquo;entreprise :<\/strong><\/td><td width=\"172\">Hostinger, UAB<\/td><\/tr><tr><td width=\"186\"><strong>Num\u00e9ro d\u2019entreprise\u00a0:<\/strong><\/td><td width=\"172\">LT100007381511<\/td><\/tr><tr><td width=\"186\"><strong>Adresse :<\/strong><\/td><td width=\"172\">\u0160vitrigailos g. 34, LT-03230 Vilnius<br \/>Litouwen<\/td><\/tr><tr><td width=\"186\"><strong>Adresse e-mail\u00a0:<\/strong><\/td><td width=\"172\">\u0160vitrigailos g. 34, LT-03230 Vilnius<br \/>Litouwen<\/td><\/tr><tr><td width=\"186\"><strong>Num\u00e9ro de t\u00e9l\u00e9phone\u00a0:<\/strong><\/td><td width=\"172\">+370 645 03378<\/td><\/tr><\/tbody><\/table><p>Outre ce sous-traitant, nous utilisons quelques plugins qui traitent eux aussi des donn\u00e9es. Soyez tranquille, tout comme notre sous-traitant, nos plugins sont 100 % conformes au RGPD. Les voici : Google Analytics, Facebook Pixel.<\/p>\t\t\t\t\t\t\t\t<\/div>\n\t\t\t\t<\/div>\n\t\t\t\t<div class=\"elementor-element elementor-element-3403b56 elementor-widget elementor-widget-heading\" data-id=\"3403b56\" data-element_type=\"widget\" data-e-type=\"widget\" data-widget_type=\"heading.default\">\n\t\t\t\t<div class=\"elementor-widget-container\">\n\t\t\t\t\t<h2 class=\"elementor-heading-title elementor-size-default\">Quelles donn\u00e9es collectons-nous ?\n<\/h2>\t\t\t\t<\/div>\n\t\t\t\t<\/div>\n\t\t\t\t<div class=\"elementor-element elementor-element-8d716ff elementor-widget elementor-widget-heading\" data-id=\"8d716ff\" data-element_type=\"widget\" data-e-type=\"widget\" data-widget_type=\"heading.default\">\n\t\t\t\t<div class=\"elementor-widget-container\">\n\t\t\t\t\t<h3 class=\"elementor-heading-title elementor-size-default\">1. Les 'cat\u00e9gories de donn\u00e9es'<\/h3>\t\t\t\t<\/div>\n\t\t\t\t<\/div>\n\t\t\t\t<div class=\"elementor-element elementor-element-eb1451e elementor-widget elementor-widget-text-editor\" data-id=\"eb1451e\" data-element_type=\"widget\" data-e-type=\"widget\" data-widget_type=\"text-editor.default\">\n\t\t\t\t<div class=\"elementor-widget-container\">\n\t\t\t\t\t\t\t\t\t<p>Un terme RGPD qui fait r\u00e9f\u00e9rence aux &lsquo;types de donn\u00e9es&rsquo; dont nous avons besoin. Un petit aper\u00e7u :<\/p><p><strong>SITE WEB<\/strong><\/p><table><tbody><tr><td width=\"186\">Adresse e-mail\u00a0<\/td><\/tr><tr><td width=\"186\">Nom<\/td><\/tr><tr><td width=\"186\">Num\u00e9ro de t\u00e9l\u00e9phone\u00a0<\/td><\/tr><tr><td width=\"186\">Donn\u00e9es de localisation<\/td><\/tr><tr><td width=\"186\">Adresse IP<\/td><\/tr><\/tbody><\/table>\t\t\t\t\t\t\t\t<\/div>\n\t\t\t\t<\/div>\n\t\t\t\t<div class=\"elementor-element elementor-element-145dcdf elementor-widget elementor-widget-heading\" data-id=\"145dcdf\" data-element_type=\"widget\" data-e-type=\"widget\" data-widget_type=\"heading.default\">\n\t\t\t\t<div class=\"elementor-widget-container\">\n\t\t\t\t\t<h3 class=\"elementor-heading-title elementor-size-default\">2. \u00c0 quelles fins recueillons-nous ces donn\u00e9es ?<\/h3>\t\t\t\t<\/div>\n\t\t\t\t<\/div>\n\t\t\t\t<div class=\"elementor-element elementor-element-c8886e8 elementor-widget elementor-widget-text-editor\" data-id=\"c8886e8\" data-element_type=\"widget\" data-e-type=\"widget\" data-widget_type=\"text-editor.default\">\n\t\t\t\t<div class=\"elementor-widget-container\">\n\t\t\t\t\t\t\t\t\t<p>Pas sans raison, \u00e9videmment. En collectant vos donn\u00e9es, notre but est de pouvoir vous offrir une exp\u00e9rience optimale sur notre site web. Mais encore ?<\/p><ul><li><p>Nous veillons \u00e0 ce que l&rsquo;exp\u00e9rience sur notre site web soit aussi s\u00fbre que possible. C&rsquo;est pourquoi nous utilisons les donn\u00e9es pour surveiller notre site web et assurer son fonctionnement optimal. De cette fa\u00e7on, nous essayons notamment d&rsquo;\u00e9viter les fraudes et autres mauvaises intentions.<\/p><\/li><li><p>Nous aimons \u00e9galement vous tenir inform\u00e9s de nos produits et services. C&rsquo;est pourquoi nous vous envoyons un e-mail de temps en temps. Parfois pour partager une promotion, parfois juste pour donner des nouvelles. Comme certains le savent, on appelle cela le direct marketing. Pas de panique ! Les e-mails contiennent toujours un lien permettant de vous faire supprimer de notre base de donn\u00e9es.<\/p><\/li><li><p>Google Analytics collecte des donn\u00e9es pour nous afin que nous puissions mieux comprendre le public qui visite notre site web. La collecte de donn\u00e9es statistiques, voil\u00e0 de quoi il s&rsquo;agit. Les donn\u00e9es trait\u00e9es : l&rsquo;adresse IP, les pages visit\u00e9es, la localisation g\u00e9ographique du visiteur et l&rsquo;heure de la visite.<\/p><\/li><li><p>Le pixel Facebook collecte des donn\u00e9es pour nous afin que nous puissions organiser correctement nos efforts de marketing. Cela nous permet de montrer le bon message aux bonnes personnes sur Facebook, sans m\u00eame conna\u00eetre votre compte. Pas mal, n&rsquo;est-ce pas ? Moins il y a de parties qui traitent les donn\u00e9es, moins il y a de risque de perte.<\/p><\/li><\/ul>\t\t\t\t\t\t\t\t<\/div>\n\t\t\t\t<\/div>\n\t\t\t\t<div class=\"elementor-element elementor-element-321c0e5 elementor-widget elementor-widget-heading\" data-id=\"321c0e5\" data-element_type=\"widget\" data-e-type=\"widget\" data-widget_type=\"heading.default\">\n\t\t\t\t<div class=\"elementor-widget-container\">\n\t\t\t\t\t<h2 class=\"elementor-heading-title elementor-size-default\">Que pouvez-vous faire, quels sont vos droits ?<\/h2>\t\t\t\t<\/div>\n\t\t\t\t<\/div>\n\t\t\t\t<div class=\"elementor-element elementor-element-7860c23 elementor-widget elementor-widget-heading\" data-id=\"7860c23\" data-element_type=\"widget\" data-e-type=\"widget\" data-widget_type=\"heading.default\">\n\t\t\t\t<div class=\"elementor-widget-container\">\n\t\t\t\t\t<h3 class=\"elementor-heading-title elementor-size-default\">1. Droit d'acc\u00e8s<\/h3>\t\t\t\t<\/div>\n\t\t\t\t<\/div>\n\t\t\t\t<div class=\"elementor-element elementor-element-20a957f elementor-widget elementor-widget-text-editor\" data-id=\"20a957f\" data-element_type=\"widget\" data-e-type=\"widget\" data-widget_type=\"text-editor.default\">\n\t\t\t\t<div class=\"elementor-widget-container\">\n\t\t\t\t\t\t\t\t\t<p>Bien entendu, vos donn\u00e9es vous appartiennent. Vous pouvez donc nous demander \u00e0 tout moment de consulter les donn\u00e9es que nous avons collect\u00e9es et comment, pourquoi et pendant combien de temps nous les avons trait\u00e9es. Ceci est \u00e0 comprendre au sens le plus large. Vous saurez exactement comment nous \u00e9valuons vos donn\u00e9es et ce qu&rsquo;il en advient. Envoyez votre demande d&rsquo;acc\u00e8s \u00e0 <a href=\"mailto:info@timeoutbox.be\">info@timeoutbox.be<\/a> et end\u00e9ans le mois suivant la demande, nous vous enverrons tout ce que nous avons.<\/p>\t\t\t\t\t\t\t\t<\/div>\n\t\t\t\t<\/div>\n\t\t\t\t<div class=\"elementor-element elementor-element-415be4b elementor-widget elementor-widget-heading\" data-id=\"415be4b\" data-element_type=\"widget\" data-e-type=\"widget\" data-widget_type=\"heading.default\">\n\t\t\t\t<div class=\"elementor-widget-container\">\n\t\t\t\t\t<h3 class=\"elementor-heading-title elementor-size-default\">2. Droit de rectification et de suppression des donn\u00e9es personnelles<\/h3>\t\t\t\t<\/div>\n\t\t\t\t<\/div>\n\t\t\t\t<div class=\"elementor-element elementor-element-e21c03b elementor-widget elementor-widget-text-editor\" data-id=\"e21c03b\" data-element_type=\"widget\" data-e-type=\"widget\" data-widget_type=\"text-editor.default\">\n\t\t\t\t<div class=\"elementor-widget-container\">\n\t\t\t\t\t\t\t\t\t<p>Vous pouvez toujours faire rectifier ou supprimer vos donn\u00e9es. Cela peut \u00eatre n\u00e9cessaire, par exemple, lorsque vous d\u00e9m\u00e9nagez ou cr\u00e9ez une nouvelle adresse e-mail. SITE WEB : Si vous souhaitez faire supprimer ou modifier des donn\u00e9es, vous pouvez envoyer votre demande \u00e0 <a href=\"mailto:info@timeoutbox.be\">info@timeoutbox.be<\/a>.<\/p><p>Malheureusement, certaines donn\u00e9es ne peuvent pas \u00eatre imm\u00e9diatement effac\u00e9es. Il s&rsquo;agit des donn\u00e9es que nous collectons sur la base d&rsquo;une obligation l\u00e9gale (ex. comptabilit\u00e9) ou sur la base d&rsquo;un accord (ex. nous n&rsquo;avons pas encore livr\u00e9 votre colis).<\/p><p>Bien entendu, les donn\u00e9es qui auraient \u00e9t\u00e9 trait\u00e9es de mani\u00e8re ill\u00e9gitime seront supprim\u00e9es dans les meilleurs d\u00e9lais. Toute autre demande sera trait\u00e9e dans des d\u00e9lais raisonnables<\/p>\t\t\t\t\t\t\t\t<\/div>\n\t\t\t\t<\/div>\n\t\t\t\t<div class=\"elementor-element elementor-element-9dbf416 elementor-widget elementor-widget-heading\" data-id=\"9dbf416\" data-element_type=\"widget\" data-e-type=\"widget\" data-widget_type=\"heading.default\">\n\t\t\t\t<div class=\"elementor-widget-container\">\n\t\t\t\t\t<h3 class=\"elementor-heading-title elementor-size-default\">3. Droit \u00e0 la limitation ou d'opposition au traitement des donn\u00e9es<\/h3>\t\t\t\t<\/div>\n\t\t\t\t<\/div>\n\t\t\t\t<div class=\"elementor-element elementor-element-e46c9b9 elementor-widget elementor-widget-text-editor\" data-id=\"e46c9b9\" data-element_type=\"widget\" data-e-type=\"widget\" data-widget_type=\"text-editor.default\">\n\t\t\t\t<div class=\"elementor-widget-container\">\n\t\t\t\t\t\t\t\t\t<p>Si vous avez soumis une demande d&rsquo;effacement, si nous v\u00e9rifions l&rsquo;exactitude des donn\u00e9es, si les donn\u00e9es ont \u00e9t\u00e9 trait\u00e9es de mani\u00e8re ill\u00e9gitime ou si les donn\u00e9es sont n\u00e9cessaires \u00e0 une action en justice, vous pouvez demander une limitation du traitement. Adressez cette demande \u00e0 <a href=\"mailto:info@timeoutbox.be\">info@timeoutbox.be<\/a> et nous limiterons le traitement dans un d\u00e9lai d&rsquo;un mois.<\/p><p>Vous ne souhaitez pas que nous traitions vos donn\u00e9es ? Dans ce cas, opposez-vous au traitement via <a href=\"mailto:info@timeoutbox.be\">info@timeoutbox.be<\/a>, et nous cesserons de traiter vos donn\u00e9es d\u00e8s que possible (dans un d\u00e9lai d&rsquo;1 mois apr\u00e8s la demande). L\u00e0 aussi, nous faisons une exception pour les donn\u00e9es que nous devons conserver sur la base d&rsquo;une obligation l\u00e9gale (ex. comptabilit\u00e9) ou sur la base d&rsquo;un accord (ex. nous n&rsquo;avons pas encore livr\u00e9 votre colis).<\/p>\t\t\t\t\t\t\t\t<\/div>\n\t\t\t\t<\/div>\n\t\t\t\t<div class=\"elementor-element elementor-element-73cbefb elementor-widget elementor-widget-heading\" data-id=\"73cbefb\" data-element_type=\"widget\" data-e-type=\"widget\" data-widget_type=\"heading.default\">\n\t\t\t\t<div class=\"elementor-widget-container\">\n\t\t\t\t\t<h3 class=\"elementor-heading-title elementor-size-default\">4. Droit \u00e0 la portabilit\u00e9 des donn\u00e9es<\/h3>\t\t\t\t<\/div>\n\t\t\t\t<\/div>\n\t\t\t\t<div class=\"elementor-element elementor-element-f7119bf elementor-widget elementor-widget-text-editor\" data-id=\"f7119bf\" data-element_type=\"widget\" data-e-type=\"widget\" data-widget_type=\"text-editor.default\">\n\t\t\t\t<div class=\"elementor-widget-container\">\n\t\t\t\t\t\t\t\t\t<p>Vous avez le droit de recevoir les donn\u00e9es que vous nous avez fournies sous une forme structur\u00e9e, couramment utilis\u00e9e et lisible par une machine. Vous pourrez ainsi transf\u00e9rer les donn\u00e9es vers un autre responsable du traitement des donn\u00e9es.<\/p>\t\t\t\t\t\t\t\t<\/div>\n\t\t\t\t<\/div>\n\t\t\t\t<div class=\"elementor-element elementor-element-62b2924 elementor-widget elementor-widget-heading\" data-id=\"62b2924\" data-element_type=\"widget\" data-e-type=\"widget\" data-widget_type=\"heading.default\">\n\t\t\t\t<div class=\"elementor-widget-container\">\n\t\t\t\t\t<h3 class=\"elementor-heading-title elementor-size-default\">5. Droit de retirer son consentement<\/h3>\t\t\t\t<\/div>\n\t\t\t\t<\/div>\n\t\t\t\t<div class=\"elementor-element elementor-element-169f8d6 elementor-widget elementor-widget-text-editor\" data-id=\"169f8d6\" data-element_type=\"widget\" data-e-type=\"widget\" data-widget_type=\"text-editor.default\">\n\t\t\t\t<div class=\"elementor-widget-container\">\n\t\t\t\t\t\t\t\t\t<p>Votre consentement peut \u00eatre retir\u00e9 \u00e0 tout moment. Bien entendu, cela ne concerne que les donn\u00e9es que nous avons obtenues sur la seule base de votre consentement. Les donn\u00e9es que nous collectons ou devons conserver sur la base d&rsquo;une obligation l\u00e9gale (ex. comptabilit\u00e9) ou sur la base d&rsquo;un accord (ex. nous devons encore livrer votre colis) ne sont pas concern\u00e9es.<\/p>\t\t\t\t\t\t\t\t<\/div>\n\t\t\t\t<\/div>\n\t\t\t\t<div class=\"elementor-element elementor-element-52b4a9e elementor-widget elementor-widget-heading\" data-id=\"52b4a9e\" data-element_type=\"widget\" data-e-type=\"widget\" data-widget_type=\"heading.default\">\n\t\t\t\t<div class=\"elementor-widget-container\">\n\t\t\t\t\t<h3 class=\"elementor-heading-title elementor-size-default\">6. Plaintes<\/h3>\t\t\t\t<\/div>\n\t\t\t\t<\/div>\n\t\t\t\t<div class=\"elementor-element elementor-element-6f382e8 elementor-widget elementor-widget-text-editor\" data-id=\"6f382e8\" data-element_type=\"widget\" data-e-type=\"widget\" data-widget_type=\"text-editor.default\">\n\t\t\t\t<div class=\"elementor-widget-container\">\n\t\t\t\t\t\t\t\t\t<p>Les plaintes concernant la mani\u00e8re dont nous traitons vos donn\u00e9es doivent \u00eatre signal\u00e9es \u00e0 l\u2019Autorit\u00e9 de protection des donn\u00e9es (<a href=\"https:\/\/www.autoriteprotectiondonnees.be\" target=\"_blank\" rel=\"noopener\">https:\/\/www.autoriteprotectiondonnees.be<\/a>)<\/p>\t\t\t\t\t\t\t\t<\/div>\n\t\t\t\t<\/div>\n\t\t\t\t\t<\/div>\n\t\t<\/div>\n\t\t\t\t\t<\/div>\n\t\t<\/section>\n\t\t\t\t<\/div>\n\t\t","protected":false},"excerpt":{"rendered":"<p>Comment, quoi et pourquoi ? Vos donn\u00e9es personnelles et votre vie priv\u00e9e sont extr\u00eamement importantes pour TimeOutBox. Cette politique n&rsquo;est pas qu\u2019un bouclier juridique visant \u00e0 nous conformer aux r\u00e9glementations comme le R\u00e8glement g\u00e9n\u00e9ral sur la protection des donn\u00e9es (ci-apr\u00e8s : RGPD).[1] Non, ce texte d\u00e9crit notre philosophie en mati\u00e8re de donn\u00e9es. Il vous indique [&hellip;]<\/p>\n","protected":false},"author":1,"featured_media":0,"parent":0,"menu_order":0,"comment_status":"closed","ping_status":"closed","template":"","meta":{"_acf_changed":false,"footnotes":""},"class_list":["post-494","page","type-page","status-publish","hentry"],"acf":[],"_links":{"self":[{"href":"https:\/\/timeoutbox.be\/fr\/wp-json\/wp\/v2\/pages\/494","targetHints":{"allow":["GET"]}}],"collection":[{"href":"https:\/\/timeoutbox.be\/fr\/wp-json\/wp\/v2\/pages"}],"about":[{"href":"https:\/\/timeoutbox.be\/fr\/wp-json\/wp\/v2\/types\/page"}],"author":[{"embeddable":true,"href":"https:\/\/timeoutbox.be\/fr\/wp-json\/wp\/v2\/users\/1"}],"replies":[{"embeddable":true,"href":"https:\/\/timeoutbox.be\/fr\/wp-json\/wp\/v2\/comments?post=494"}],"version-history":[{"count":16,"href":"https:\/\/timeoutbox.be\/fr\/wp-json\/wp\/v2\/pages\/494\/revisions"}],"predecessor-version":[{"id":1839,"href":"https:\/\/timeoutbox.be\/fr\/wp-json\/wp\/v2\/pages\/494\/revisions\/1839"}],"wp:attachment":[{"href":"https:\/\/timeoutbox.be\/fr\/wp-json\/wp\/v2\/media?parent=494"}],"curies":[{"name":"wp","href":"https:\/\/api.w.org\/{rel}","templated":true}]}}